{"id":5649,"date":"2024-10-17T03:30:36","date_gmt":"2024-10-17T03:30:36","guid":{"rendered":"https:\/\/luxymedia.com\/blog\/"},"modified":"2025-05-12T15:27:38","modified_gmt":"2025-05-12T15:27:38","slug":"blogue","status":"publish","type":"page","link":"https:\/\/luxymedia.com\/fr\/blogue\/","title":{"rendered":"Blogue"},"content":{"rendered":"\n\t<section class=\"section\" id=\"section_749465877\">\n\t\t<div class=\"section-bg fill\" >\n\t\t\t\t\t\t\t\t\t<div class=\"section-bg-overlay absolute fill\"><\/div>\n\t\t\t\n\n\t\t<\/div>\n\n\t\t\n\n\t\t<div class=\"section-content relative\">\n\t\t\t\n<div class=\"row align-middle\" style=\"max-width:1300px\" id=\"row-427320537\">\n\n\t<div id=\"col-922988346\" class=\"col small-12 large-12\"  >\n\t\t\t\t<div class=\"col-inner text-center\"  >\n\t\t\t\n\t\t\t\n<div class=\"row row-collapse\"  id=\"row-1133167913\">\n\n\t<div id=\"col-1836776200\" class=\"col small-12 large-12\"  >\n\t\t\t\t<div class=\"col-inner\"  >\n\t\t\t\n\t\t\t\n\t<div id=\"gap-1175523572\" class=\"gap-element clearfix\" style=\"display:block; height:auto;\">\n\t\t\n<style>\n#gap-1175523572 {\n  padding-top: 100px;\n}\n<\/style>\n\t<\/div>\n\t\n\t<div id=\"text-2496279823\" class=\"text\">\n\t\t\n<h2 style=\"line-height: 1.1;\">Blogue<\/h2>\n<div id=\"gtx-trans\" style=\"position: absolute; left: -17px; top: -9.88281px;\">\n<div class=\"gtx-trans-icon\">\u00a0<\/div>\n<\/div>\n\t\t\n<style>\n#text-2496279823 {\n  font-size: 2rem;\n  line-height: 0.75;\n  text-align: center;\n  color: rgb(255,255,255);\n}\n#text-2496279823 > * {\n  color: rgb(255,255,255);\n}\n@media (min-width:550px) {\n  #text-2496279823 {\n    font-size: 2.6rem;\n    text-align: center;\n  }\n}\n<\/style>\n\t<\/div>\n\t\n\t\t<\/div>\n\t\t\t\t\t<\/div>\n\n\t\n\n\t<div id=\"col-1855771432\" class=\"col medium-7 small-12 large-7\"  >\n\t\t\t\t<div class=\"col-inner\"  >\n\t\t\t\n\t\t\t\n\t<div id=\"text-302686828\" class=\"text\">\n\t\t\n<p>Consultez notre blog pour conna\u00eetre les derniers conseils, astuces et \u00e9v\u00e9nements dans les domaines de l&rsquo;entreprise et du design.<\/p>\n\t\t\n<style>\n#text-302686828 {\n  font-size: 1rem;\n  color: rgb(255,255,255);\n}\n#text-302686828 > * {\n  color: rgb(255,255,255);\n}\n@media (min-width:550px) {\n  #text-302686828 {\n    font-size: 1.1rem;\n  }\n}\n<\/style>\n\t<\/div>\n\t\n\t\t<\/div>\n\t\t\t\t\t<\/div>\n\n\t\n<\/div>\n\t\t<\/div>\n\t\t\t\t\t<\/div>\n\n\t\n<\/div>\n\t\t<\/div>\n\n\t\t\n<style>\n#section_749465877 {\n  padding-top: 0px;\n  padding-bottom: 0px;\n  min-height: 400px;\n  background-color: rgb(0,0,0);\n}\n#section_749465877 .section-bg-overlay {\n  background-color: rgba(0, 0, 0, 0.3);\n}\n@media (min-width:550px) {\n  #section_749465877 {\n    min-height: 650px;\n  }\n  #section_749465877 .section-bg-overlay {\n    background-color: rgba(0, 0, 0, 0);\n  }\n}\n<\/style>\n\t<\/section>\n\t\n\n\t<section class=\"section\" id=\"section_2023654073\">\n\t\t<div class=\"section-bg fill\" >\n\t\t\t\t\t\t\t\t\t\n\t\t\t\n\n\t\t<\/div>\n\n\t\t\n\n\t\t<div class=\"section-content relative\">\n\t\t\t\n\t<div id=\"gap-696038775\" class=\"gap-element clearfix\" style=\"display:block; height:auto;\">\n\t\t\n<style>\n#gap-696038775 {\n  padding-top: 90px;\n}\n<\/style>\n\t<\/div>\n\t\n<div class=\"row\" style=\"max-width:1100px\" id=\"row-849833791\">\n\n\t<div id=\"col-105227351\" class=\"col small-12 large-12\"  >\n\t\t\t\t<div class=\"col-inner\"  >\n\t\t\t\n\t\t\t\n\t<div id=\"text-2283974535\" class=\"text\">\n\t\t\n<h2 style=\"line-height: 1.1;\">Articles r\u00e9cents<\/h2>\n\t\t\n<style>\n#text-2283974535 {\n  font-size: 1.75rem;\n  line-height: 0.75;\n  text-align: center;\n  color: rgb(33, 33, 32);\n}\n#text-2283974535 > * {\n  color: rgb(33, 33, 32);\n}\n@media (min-width:550px) {\n  #text-2283974535 {\n    font-size: 2.6rem;\n    text-align: left;\n  }\n}\n<\/style>\n\t<\/div>\n\t\n\n<div class=\"featured-post\">    <div class=\"featured-image\">        <a href=\"https:\/\/luxymedia.com\/fr\/une-realisation-qui-merite-detre-partagee-la-plus-recente-reconnaissance-de-luxy-media\/\"><img loading=\"lazy\" decoding=\"async\" width=\"1020\" height=\"680\" src=\"https:\/\/luxymedia.com\/wp-content\/uploads\/2025\/01\/6476260-1024x683.jpg\" class=\"attachment-large size-large wp-post-image\" alt=\"\" srcset=\"https:\/\/luxymedia.com\/wp-content\/uploads\/2025\/01\/6476260-1024x683.jpg 1024w, https:\/\/luxymedia.com\/wp-content\/uploads\/2025\/01\/6476260-300x200.jpg 300w, https:\/\/luxymedia.com\/wp-content\/uploads\/2025\/01\/6476260-768x512.jpg 768w, https:\/\/luxymedia.com\/wp-content\/uploads\/2025\/01\/6476260.jpg 1280w\" sizes=\"auto, (max-width: 1020px) 100vw, 1020px\" \/><\/a>        <div class=\"overlay\"><\/div>    <\/div>    <div class=\"content\">        <h2><a href=\"https:\/\/luxymedia.com\/fr\/une-realisation-qui-merite-detre-partagee-la-plus-recente-reconnaissance-de-luxy-media\/\">Une r\u00e9alisation qui m\u00e9rite d&rsquo;\u00eatre partag\u00e9e : La plus r\u00e9cente reconnaissance de Luxy Media<\/a><\/h2>        <p>24 janvier 2025 | Marketing<\/p>    <\/div><\/div><div class=\"grid-post\">    <div class=\"grid-image\">        <a href=\"https:\/\/luxymedia.com\/fr\/revolution-numerique-au-quebec-comprendre-la-loi-25-et-la-conformite-des-temoins\/\"><img loading=\"lazy\" decoding=\"async\" width=\"300\" height=\"171\" src=\"https:\/\/luxymedia.com\/wp-content\/uploads\/2023\/10\/article-image-cookie-law25-300x171.jpg\" class=\"attachment-medium size-medium wp-post-image\" alt=\"\" srcset=\"https:\/\/luxymedia.com\/wp-content\/uploads\/2023\/10\/article-image-cookie-law25-300x171.jpg 300w, https:\/\/luxymedia.com\/wp-content\/uploads\/2023\/10\/article-image-cookie-law25-1024x585.jpg 1024w, https:\/\/luxymedia.com\/wp-content\/uploads\/2023\/10\/article-image-cookie-law25-768x439.jpg 768w, https:\/\/luxymedia.com\/wp-content\/uploads\/2023\/10\/article-image-cookie-law25.jpg 1500w\" sizes=\"auto, (max-width: 300px) 100vw, 300px\" \/><\/a>    <\/div>    <div class=\"grid-content\">        <h3><a href=\"https:\/\/luxymedia.com\/fr\/revolution-numerique-au-quebec-comprendre-la-loi-25-et-la-conformite-des-temoins\/\">R\u00e9volution num\u00e9rique au Qu\u00e9bec : Comprendre la Loi 25 et la conformit\u00e9 des t\u00e9moins.<\/a><\/h3>        <p>24 octobre 2023 | Affaires, Internet, Marketing<\/p>    <\/div><\/div><div class=\"grid-post\">    <div class=\"grid-image\">        <a href=\"https:\/\/luxymedia.com\/fr\/agence-de-medias-sociaux-basee-a-montreal-peut-transformer-votre-entreprise\/\"><img loading=\"lazy\" decoding=\"async\" width=\"300\" height=\"200\" src=\"https:\/\/luxymedia.com\/wp-content\/uploads\/2023\/10\/363974989_873905257449820_5189510633038860330_n-300x200.jpg\" class=\"attachment-medium size-medium wp-post-image\" alt=\"\" srcset=\"https:\/\/luxymedia.com\/wp-content\/uploads\/2023\/10\/363974989_873905257449820_5189510633038860330_n-300x200.jpg 300w, https:\/\/luxymedia.com\/wp-content\/uploads\/2023\/10\/363974989_873905257449820_5189510633038860330_n-1024x683.jpg 1024w, https:\/\/luxymedia.com\/wp-content\/uploads\/2023\/10\/363974989_873905257449820_5189510633038860330_n-768x512.jpg 768w, https:\/\/luxymedia.com\/wp-content\/uploads\/2023\/10\/363974989_873905257449820_5189510633038860330_n.jpg 1080w\" sizes=\"auto, (max-width: 300px) 100vw, 300px\" \/><\/a>    <\/div>    <div class=\"grid-content\">        <h3><a href=\"https:\/\/luxymedia.com\/fr\/agence-de-medias-sociaux-basee-a-montreal-peut-transformer-votre-entreprise\/\">Comment une agence de m\u00e9dias sociaux bas\u00e9e \u00e0 Montr\u00e9al peut transformer votre entreprise<\/a><\/h3>        <p>18 juin 2023 | Marketing, M\u00e9dias sociaux<\/p>    <\/div><\/div><div class=\"grid-post\">    <div class=\"grid-image\">        <a href=\"https:\/\/luxymedia.com\/fr\/les-secrets-pour-trouver-la-meilleure-agence-de-marketing-a-montreal\/\"><img loading=\"lazy\" decoding=\"async\" width=\"300\" height=\"200\" src=\"https:\/\/luxymedia.com\/wp-content\/uploads\/2023\/02\/benjamin-fay-EA7ltbIlUEc-unsplash-300x200.jpg\" class=\"attachment-medium size-medium wp-post-image\" alt=\"\" srcset=\"https:\/\/luxymedia.com\/wp-content\/uploads\/2023\/02\/benjamin-fay-EA7ltbIlUEc-unsplash-300x200.jpg 300w, https:\/\/luxymedia.com\/wp-content\/uploads\/2023\/02\/benjamin-fay-EA7ltbIlUEc-unsplash-1024x683.jpg 1024w, https:\/\/luxymedia.com\/wp-content\/uploads\/2023\/02\/benjamin-fay-EA7ltbIlUEc-unsplash-768x512.jpg 768w, https:\/\/luxymedia.com\/wp-content\/uploads\/2023\/02\/benjamin-fay-EA7ltbIlUEc-unsplash-1536x1024.jpg 1536w, https:\/\/luxymedia.com\/wp-content\/uploads\/2023\/02\/benjamin-fay-EA7ltbIlUEc-unsplash.jpg 1920w\" sizes=\"auto, (max-width: 300px) 100vw, 300px\" \/><\/a>    <\/div>    <div class=\"grid-content\">        <h3><a href=\"https:\/\/luxymedia.com\/fr\/les-secrets-pour-trouver-la-meilleure-agence-de-marketing-a-montreal\/\">D\u00e9voiler les secrets pour trouver la meilleure agence de marketing num\u00e9rique \u00e0 Montr\u00e9al : Questions \u00e0 poser<\/a><\/h3>        <p>29 avril 2023 | Affaires, Marketing, M\u00e9dias sociaux<\/p>    <\/div><\/div><div class=\"grid-post\">    <div class=\"grid-image\">        <a href=\"https:\/\/luxymedia.com\/fr\/devriez-vous-faire-appel-a-une-agence-de-marketing-a-montreal\/\"><img loading=\"lazy\" decoding=\"async\" width=\"300\" height=\"173\" src=\"https:\/\/luxymedia.com\/wp-content\/uploads\/2023\/04\/montreal-seo-agency-view-illustration-300x173.jpg\" class=\"attachment-medium size-medium wp-post-image\" alt=\"\" srcset=\"https:\/\/luxymedia.com\/wp-content\/uploads\/2023\/04\/montreal-seo-agency-view-illustration-300x173.jpg 300w, https:\/\/luxymedia.com\/wp-content\/uploads\/2023\/04\/montreal-seo-agency-view-illustration-1024x591.jpg 1024w, https:\/\/luxymedia.com\/wp-content\/uploads\/2023\/04\/montreal-seo-agency-view-illustration-768x443.jpg 768w, https:\/\/luxymedia.com\/wp-content\/uploads\/2023\/04\/montreal-seo-agency-view-illustration.jpg 1200w\" sizes=\"auto, (max-width: 300px) 100vw, 300px\" \/><\/a>    <\/div>    <div class=\"grid-content\">        <h3><a href=\"https:\/\/luxymedia.com\/fr\/devriez-vous-faire-appel-a-une-agence-de-marketing-a-montreal\/\">Devriez-vous faire appel \u00e0 une agence de marketing num\u00e9rique \u00e0 Montr\u00e9al ?<\/a><\/h3>        <p>17 avril 2023 | Affaires, Marketing<\/p>    <\/div><\/div><div class=\"grid-post\">    <div class=\"grid-image\">        <a href=\"https:\/\/luxymedia.com\/fr\/maximiser-la-generation-de-prospects\/\"><img loading=\"lazy\" decoding=\"async\" width=\"300\" height=\"200\" src=\"https:\/\/luxymedia.com\/wp-content\/uploads\/2023\/02\/sharosh-rajasekher-T7s_TnKO-dk-unsplash-2048x1365-1-300x200.jpg\" class=\"attachment-medium size-medium wp-post-image\" alt=\"\" srcset=\"https:\/\/luxymedia.com\/wp-content\/uploads\/2023\/02\/sharosh-rajasekher-T7s_TnKO-dk-unsplash-2048x1365-1-300x200.jpg 300w, https:\/\/luxymedia.com\/wp-content\/uploads\/2023\/02\/sharosh-rajasekher-T7s_TnKO-dk-unsplash-2048x1365-1-1024x683.jpg 1024w, https:\/\/luxymedia.com\/wp-content\/uploads\/2023\/02\/sharosh-rajasekher-T7s_TnKO-dk-unsplash-2048x1365-1-768x512.jpg 768w, https:\/\/luxymedia.com\/wp-content\/uploads\/2023\/02\/sharosh-rajasekher-T7s_TnKO-dk-unsplash-2048x1365-1-1536x1024.jpg 1536w, https:\/\/luxymedia.com\/wp-content\/uploads\/2023\/02\/sharosh-rajasekher-T7s_TnKO-dk-unsplash-2048x1365-1.jpg 2048w\" sizes=\"auto, (max-width: 300px) 100vw, 300px\" \/><\/a>    <\/div>    <div class=\"grid-content\">        <h3><a href=\"https:\/\/luxymedia.com\/fr\/maximiser-la-generation-de-prospects\/\">Maximiser la g\u00e9n\u00e9ration de prospects gr\u00e2ce \u00e0 la publicit\u00e9 sur les m\u00e9dias sociaux : Les conseils d&rsquo;une agence de marketing montr\u00e9alaise<\/a><\/h3>        <p>12 f\u00e9vrier 2023 | Affaires, Marketing<\/p>    <\/div><\/div><div class=\"load-more-container\"><button class=\"custom-button load-more\">Charger Plus<\/button><\/div>\n\n\t\t<\/div>\n\t\t\t\t\t<\/div>\n\n\t\n<\/div>\n\t\t<\/div>\n\n\t\t\n<style>\n#section_2023654073 {\n  padding-top: 0px;\n  padding-bottom: 0px;\n}\n<\/style>\n\t<\/section>\n\t\n","protected":false},"excerpt":{"rendered":"","protected":false},"author":3,"featured_media":0,"parent":0,"menu_order":0,"comment_status":"closed","ping_status":"closed","template":"page-transparent-header.php","meta":{"_acf_changed":false,"footnotes":""},"class_list":["post-5649","page","type-page","status-publish","hentry"],"acf":[],"_links":{"self":[{"href":"https:\/\/luxymedia.com\/fr\/wp-json\/wp\/v2\/pages\/5649","targetHints":{"allow":["GET"]}}],"collection":[{"href":"https:\/\/luxymedia.com\/fr\/wp-json\/wp\/v2\/pages"}],"about":[{"href":"https:\/\/luxymedia.com\/fr\/wp-json\/wp\/v2\/types\/page"}],"author":[{"embeddable":true,"href":"https:\/\/luxymedia.com\/fr\/wp-json\/wp\/v2\/users\/3"}],"replies":[{"embeddable":true,"href":"https:\/\/luxymedia.com\/fr\/wp-json\/wp\/v2\/comments?post=5649"}],"version-history":[{"count":4,"href":"https:\/\/luxymedia.com\/fr\/wp-json\/wp\/v2\/pages\/5649\/revisions"}],"predecessor-version":[{"id":6792,"href":"https:\/\/luxymedia.com\/fr\/wp-json\/wp\/v2\/pages\/5649\/revisions\/6792"}],"wp:attachment":[{"href":"https:\/\/luxymedia.com\/fr\/wp-json\/wp\/v2\/media?parent=5649"}],"curies":[{"name":"wp","href":"https:\/\/api.w.org\/{rel}","templated":true}]}}