{"id":5637,"date":"2024-10-17T05:51:44","date_gmt":"2024-10-17T05:51:44","guid":{"rendered":"https:\/\/luxymedia.com\/contact-us\/"},"modified":"2026-01-22T13:18:16","modified_gmt":"2026-01-22T13:18:16","slug":"contact-us","status":"publish","type":"page","link":"https:\/\/luxymedia.com\/fr\/contact-us\/","title":{"rendered":"Contactez-nous"},"content":{"rendered":"\n\t<section class=\"section\" id=\"section_519233012\">\n\t\t<div class=\"section-bg fill\" >\n\t\t\t<img loading=\"lazy\" decoding=\"async\" width=\"2560\" height=\"952\" src=\"https:\/\/luxymedia.com\/wp-content\/uploads\/2024\/10\/banner-e-scaled.jpg\" class=\"bg attachment-original size-original\" alt=\"\" \/>\t\t\t\t\t\t\n\t\t\t\n\n\t\t<\/div>\n\n\t\t\n\n\t\t<div class=\"section-content relative\">\n\t\t\t\n\t<div id=\"gap-1117184851\" class=\"gap-element clearfix\" style=\"display:block; height:auto;\">\n\t\t\n<style>\n#gap-1117184851 {\n  padding-top: 90px;\n}\n<\/style>\n\t<\/div>\n\t\n<div class=\"row align-center\" style=\"max-width:1300px\" id=\"row-605187624\">\n\n\t<div id=\"col-1939456677\" class=\"col medium-6 small-12 large-6\"  >\n\t\t\t\t<div class=\"col-inner\"  >\n\t\t\t\n\t\t\t\n<div class=\"row\"  id=\"row-742000651\">\n\n\t<div id=\"col-4305779\" class=\"col small-12 large-12\"  >\n\t\t\t\t<div class=\"col-inner\"  >\n\t\t\t\n\t\t\t\n\t<div id=\"text-372195224\" class=\"text\">\n\t\t\n<h2 style=\"line-height: .95;\">Pr\u00eat \u00e0 <span class=\"alt-font\">faire cro\u00eetre votre marketing?<\/span><\/h2>\n\t\t\n<style>\n#text-372195224 {\n  font-size: 1.75rem;\n  line-height: 0.75;\n  text-align: left;\n  color: rgb(255,255,255);\n}\n#text-372195224 > * {\n  color: rgb(255,255,255);\n}\n@media (min-width:550px) {\n  #text-372195224 {\n    font-size: 2.15rem;\n    text-align: left;\n  }\n}\n<\/style>\n\t<\/div>\n\t\n\t<div id=\"text-3121405475\" class=\"text\">\n\t\t\n<p>Votre d\u00e9partement marketing fractionn\u00e9 ou du soutien par projet. On g\u00e8re la strat\u00e9gie, les publicit\u00e9s, le contenu, le web et le cr\u00e9atif comme une seule \u00e9quipe int\u00e9gr\u00e9e. Parlez-nous de votre entreprise ci-dessous, ou <a href=\"https:\/\/calendly.com\/raffi-luxymedia\/30min\" target=\"_blank\" rel=\"noopener\">r\u00e9servez un appel d\u00e9couverte de 30 minutes<\/a> pour d\u00e9marrer plus vite. \ud83d\ude80<\/p>\n\t\t\n<style>\n#text-3121405475 {\n  font-size: 1rem;\n  text-align: left;\n  color: rgb(255,255,255);\n}\n#text-3121405475 > * {\n  color: rgb(255,255,255);\n}\n@media (min-width:550px) {\n  #text-3121405475 {\n    font-size: 1.1rem;\n  }\n}\n<\/style>\n\t<\/div>\n\t\n\t\t<\/div>\n\t\t\t\t\t<\/div>\n\n\t\n<\/div>\n\t\t<\/div>\n\t\t\t\t\t<\/div>\n\n\t\n\n\t<div id=\"col-814293965\" class=\"col hide-for-small medium-1 small-12 large-1\"  >\n\t\t\t\t<div class=\"col-inner\"  >\n\t\t\t\n\t\t\t\n\t\t<\/div>\n\t\t\t\t\t<\/div>\n\n\t\n\n\t<div id=\"col-66635149\" class=\"col medium-5 small-12 large-5\"  >\n\t\t\t\t<div class=\"col-inner\" style=\"background-color:rgb(255,255,255);\" >\n\t\t\t\n\t\t\t\n\t<div id=\"gap-1944346397\" class=\"gap-element clearfix\" style=\"display:block; height:auto;\">\n\t\t\n<style>\n#gap-1944346397 {\n  padding-top: 20px;\n}\n<\/style>\n\t<\/div>\n\t\n\n<div class=\"wpcf7 no-js\" id=\"wpcf7-f5835-o1\" lang=\"fr-FR\" dir=\"ltr\" data-wpcf7-id=\"5835\">\n<div class=\"screen-reader-response\"><p role=\"status\" aria-live=\"polite\" aria-atomic=\"true\"><\/p> <ul><\/ul><\/div>\n<form action=\"\/fr\/wp-json\/wp\/v2\/pages\/5637#wpcf7-f5835-o1\" method=\"post\" class=\"wpcf7-form init\" aria-label=\"Formulaire de contact\" novalidate=\"novalidate\" data-status=\"init\">\n<fieldset class=\"hidden-fields-container\"><input type=\"hidden\" name=\"_wpcf7\" value=\"5835\" \/><input type=\"hidden\" name=\"_wpcf7_version\" value=\"6.1.5\" \/><input type=\"hidden\" name=\"_wpcf7_locale\" value=\"fr_FR\" \/><input type=\"hidden\" name=\"_wpcf7_unit_tag\" value=\"wpcf7-f5835-o1\" \/><input type=\"hidden\" name=\"_wpcf7_container_post\" value=\"0\" \/><input type=\"hidden\" name=\"_wpcf7_posted_data_hash\" value=\"\" \/><input type=\"hidden\" name=\"_wpcf7_recaptcha_response\" value=\"\" \/>\n<\/fieldset>\n<div class=\"uacf7-form-wrapper-container uacf7-form-5835  \"><div class=\"audit-custom-form\">\n    <span class='input-wrapper'>\n        <label>Nom complet<\/label>\n        <span class=\"wpcf7-form-control-wrap\" data-name=\"full-name\"><input size=\"40\" maxlength=\"400\" class=\"wpcf7-form-control wpcf7-text wpcf7-validates-as-required\" aria-required=\"true\" aria-invalid=\"false\" placeholder=\"John Doe\" value=\"\" type=\"text\" name=\"full-name\" \/><\/span>\n    <\/span>\n    \n    <span class='input-wrapper'>\n        <label>Votre courriel<\/label>\n        <span class=\"wpcf7-form-control-wrap\" data-name=\"email-address\"><input size=\"40\" maxlength=\"400\" class=\"wpcf7-form-control wpcf7-email wpcf7-validates-as-required wpcf7-text wpcf7-validates-as-email\" aria-required=\"true\" aria-invalid=\"false\" placeholder=\"John@johndoe.com\" value=\"\" type=\"email\" name=\"email-address\" \/><\/span>\n    <\/span>\n    \n    <span class='input-wrapper'>\n        <label>Nom de l'entreprise<\/label>\n        <span class=\"wpcf7-form-control-wrap\" data-name=\"company-name\"><input size=\"40\" maxlength=\"400\" class=\"wpcf7-form-control wpcf7-text wpcf7-validates-as-required\" aria-required=\"true\" aria-invalid=\"false\" placeholder=\"John Doe Inc.\" value=\"\" type=\"text\" name=\"company-name\" \/><\/span>\n    <\/span>\n    \n    <span class='input-wrapper budget-wrapper'>\n        <label class='inline-flex'>Fourchette d\u2019investissement<\/label>\n        <div class=\"budget-options\">\n            <!-- Added class to help target styling -->\n<span class=\"wpcf7-form-control-wrap\" data-name=\"project-budget\"><span class=\"wpcf7-form-control wpcf7-radio budget-radio\"><span class=\"wpcf7-list-item first\"><label><input type=\"radio\" name=\"project-budget\" value=\"Moins de 5k\" checked=\"checked\" \/><span class=\"wpcf7-list-item-label\">Moins de 5k<\/span><\/label><\/span><span class=\"wpcf7-list-item\"><label><input type=\"radio\" name=\"project-budget\" value=\"5k - 10k\" \/><span class=\"wpcf7-list-item-label\">5k - 10k<\/span><\/label><\/span><span class=\"wpcf7-list-item\"><label><input type=\"radio\" name=\"project-budget\" value=\"10k - 25k\" \/><span class=\"wpcf7-list-item-label\">10k - 25k<\/span><\/label><\/span><span class=\"wpcf7-list-item\"><label><input type=\"radio\" name=\"project-budget\" value=\"25k+\" \/><span class=\"wpcf7-list-item-label\">25k+<\/span><\/label><\/span><span class=\"wpcf7-list-item last\"><label><input type=\"radio\" name=\"project-budget\" value=\"Pas encore s\u00fbr\" \/><span class=\"wpcf7-list-item-label\">Pas encore s\u00fbr<\/span><\/label><\/span><\/span><\/span>        <\/div>\n    <\/span>\n    \n    <span class='input-wrapper'>\n        <label>Description du projet<\/label>\n        <span class=\"wpcf7-form-control-wrap\" data-name=\"project-description\"><textarea cols=\"40\" rows=\"10\" maxlength=\"2000\" class=\"wpcf7-form-control wpcf7-textarea\" aria-invalid=\"false\" placeholder=\"Parlez-nous des d\u00e9tails de votre projet, de l&#039;\u00e9ch\u00e9ancier et des livrables.\" name=\"project-description\"><\/textarea><\/span>\n    <\/span>\n    \n    <div class=\"submit-wrapper\">\n        <input class=\"wpcf7-form-control wpcf7-submit has-spinner\" type=\"submit\" value=\"Envoyer\" \/>\n    <\/div>\n<\/div><\/div><div class=\"wpcf7-response-output\" aria-hidden=\"true\"><\/div>\n<\/form>\n<\/div>\n\n\t\t<\/div>\n\t\t\t\t\n<style>\n#col-66635149 > .col-inner {\n  padding: 39px 15px 0px 15px;\n  border-radius: 20px;\n}\n@media (min-width:550px) {\n  #col-66635149 > .col-inner {\n    padding: 30px 30px 0px 30px;\n  }\n}\n<\/style>\n\t<\/div>\n\n\t\n<\/div>\n\t<div id=\"gap-1892497330\" class=\"gap-element clearfix\" style=\"display:block; height:auto;\">\n\t\t\n<style>\n#gap-1892497330 {\n  padding-top: 30px;\n}\n<\/style>\n\t<\/div>\n\t\n\t\t<\/div>\n\n\t\t\n<style>\n#section_519233012 {\n  padding-top: 0px;\n  padding-bottom: 0px;\n}\n<\/style>\n\t<\/section>\n\t\n\n\t<section class=\"section\" id=\"section_1002559723\">\n\t\t<div class=\"section-bg fill\" >\n\t\t\t\t\t\t\t\t\t\n\t\t\t\n\n\t\t<\/div>\n\n\t\t\n\n\t\t<div class=\"section-content relative\">\n\t\t\t\n\t<div id=\"gap-570218401\" class=\"gap-element clearfix\" style=\"display:block; height:auto;\">\n\t\t\n<style>\n#gap-570218401 {\n  padding-top: 60px;\n}\n@media (min-width:550px) {\n  #gap-570218401 {\n    padding-top: 90px;\n  }\n}\n<\/style>\n\t<\/div>\n\t\n<div class=\"row align-equal\" style=\"max-width:1300px\" id=\"row-1193262146\">\n\n\t<div id=\"col-1101463391\" class=\"col medium-4 small-12 large-4\"  >\n\t\t\t\t<div class=\"col-inner\" style=\"background-color:rgb(249, 249, 249);\" >\n\t\t\t\n\t\t\t\n\n\t\t<div class=\"icon-box featured-box icon-box-center text-center\"  >\n\t\t\t\t\t<div class=\"icon-box-img\" style=\"width: 75px\">\n\t\t\t\t<div class=\"icon\">\n\t\t\t\t\t<div class=\"icon-inner\" >\n\t\t\t\t\t\t<img loading=\"lazy\" decoding=\"async\" width=\"80\" height=\"80\" src=\"https:\/\/luxymedia.com\/wp-content\/uploads\/2024\/10\/Frame.png\" class=\"attachment-medium size-medium\" alt=\"\" \/>\t\t\t\t\t<\/div>\n\t\t\t\t<\/div>\n\t\t\t<\/div>\n\t\t\t\t<div class=\"icon-box-text last-reset\">\n\t\t\t\t\t\t\t\t\t\n\t\t<\/div>\n\t<\/div>\n\t\n\t\n<div class=\"is-divider divider clearfix\" style=\"max-width:100%;height:1px;\"><\/div>\n\t<div id=\"gap-360515297\" class=\"gap-element clearfix\" style=\"display:block; height:auto;\">\n\t\t\n<style>\n#gap-360515297 {\n  padding-top: 10px;\n}\n<\/style>\n\t<\/div>\n\t\n\t<div id=\"text-1866446288\" class=\"text\">\n\t\t\n<p><span style=\"font-family: avenir-next-lt-pro; font-weight: 800;\">8500 Decarie Blvd 3th floor <br \/>Mount Royal, Quebec H4P 2N26,<br \/>\nCanada<\/span><\/p>\n\t\t\n<style>\n#text-1866446288 {\n  font-size: 1.2rem;\n  line-height: 1.15;\n  text-align: center;\n}\n<\/style>\n\t<\/div>\n\t\n\t\t<\/div>\n\t\t\t\t\n<style>\n#col-1101463391 > .col-inner {\n  padding: 30px 0px 10px 0px;\n}\n<\/style>\n\t<\/div>\n\n\t\n\n\t<div id=\"col-1838020498\" class=\"col medium-4 small-12 large-4\"  >\n\t\t\t\t<div class=\"col-inner\" style=\"background-color:rgb(249, 249, 249);\" >\n\t\t\t\n\t\t\t\n\n\t\t<div class=\"icon-box featured-box icon-box-center text-center\"  >\n\t\t\t\t\t<div class=\"icon-box-img\" style=\"width: 75px\">\n\t\t\t\t<div class=\"icon\">\n\t\t\t\t\t<div class=\"icon-inner\" >\n\t\t\t\t\t\t<img loading=\"lazy\" decoding=\"async\" width=\"80\" height=\"80\" src=\"https:\/\/luxymedia.com\/wp-content\/uploads\/2024\/10\/Frame-1.png\" class=\"attachment-medium size-medium\" alt=\"\" \/>\t\t\t\t\t<\/div>\n\t\t\t\t<\/div>\n\t\t\t<\/div>\n\t\t\t\t<div class=\"icon-box-text last-reset\">\n\t\t\t\t\t\t\t\t\t\n\t\t<\/div>\n\t<\/div>\n\t\n\t\n<div class=\"is-divider divider clearfix\" style=\"max-width:100%;height:1px;\"><\/div>\n\t<div id=\"gap-1467301264\" class=\"gap-element clearfix\" style=\"display:block; height:auto;\">\n\t\t\n<style>\n#gap-1467301264 {\n  padding-top: 10px;\n}\n<\/style>\n\t<\/div>\n\t\n\t<div id=\"text-1534403915\" class=\"text\">\n\t\t\n<p><span style=\"color: #000000;\"><a style=\"color: #000000;\" href=\"tel:1-888-992-8254\"><span style=\"font-family: avenir-next-lt-pro; font-weight: 800;\">1-888-992-8254<\/span><\/a><\/span><br \/>\n\t\t\n<style>\n#text-1534403915 {\n  font-size: 1.2rem;\n  line-height: 1.15;\n  text-align: center;\n}\n<\/style>\n\t<\/div>\n\t\n\t\t<\/div>\n\t\t\t\t\n<style>\n#col-1838020498 > .col-inner {\n  padding: 30px 0px 10px 0px;\n}\n<\/style>\n\t<\/div>\n\n\t\n\n\t<div id=\"col-1862717475\" class=\"col medium-4 small-12 large-4\"  >\n\t\t\t\t<div class=\"col-inner\" style=\"background-color:rgb(249, 249, 249);\" >\n\t\t\t\n\t\t\t\n\n\t\t<div class=\"icon-box featured-box icon-box-center text-center\"  >\n\t\t\t\t\t<div class=\"icon-box-img\" style=\"width: 75px\">\n\t\t\t\t<div class=\"icon\">\n\t\t\t\t\t<div class=\"icon-inner\" >\n\t\t\t\t\t\t<img loading=\"lazy\" decoding=\"async\" width=\"80\" height=\"80\" src=\"https:\/\/luxymedia.com\/wp-content\/uploads\/2024\/10\/icn-mail.png\" class=\"attachment-medium size-medium\" alt=\"\" \/>\t\t\t\t\t<\/div>\n\t\t\t\t<\/div>\n\t\t\t<\/div>\n\t\t\t\t<div class=\"icon-box-text last-reset\">\n\t\t\t\t\t\t\t\t\t\n\t\t<\/div>\n\t<\/div>\n\t\n\t\n<div class=\"is-divider divider clearfix\" style=\"max-width:100%;height:1px;\"><\/div>\n\t<div id=\"gap-643915126\" class=\"gap-element clearfix\" style=\"display:block; height:auto;\">\n\t\t\n<style>\n#gap-643915126 {\n  padding-top: 10px;\n}\n<\/style>\n\t<\/div>\n\t\n\t<div id=\"text-3729950408\" class=\"text\">\n\t\t\n<p><span style=\"color: #000000;\"><a style=\"color: #000000;\" href=\"mailto:info@luxymedia.com\"><span style=\"font-family: avenir-next-lt-pro; font-weight: 800;\">info@luxymedia.com<\/span><\/a><\/span><br \/>\n\t\t\n<style>\n#text-3729950408 {\n  font-size: 1.2rem;\n  line-height: 1.15;\n  text-align: center;\n}\n<\/style>\n\t<\/div>\n\t\n\t\t<\/div>\n\t\t\t\t\n<style>\n#col-1862717475 > .col-inner {\n  padding: 30px 0px 10px 0px;\n}\n<\/style>\n\t<\/div>\n\n\t\n<\/div>\n\t<div id=\"gap-536818905\" class=\"gap-element clearfix\" style=\"display:block; height:auto;\">\n\t\t\n<style>\n#gap-536818905 {\n  padding-top: 60px;\n}\n@media (min-width:550px) {\n  #gap-536818905 {\n    padding-top: 40px;\n  }\n}\n<\/style>\n\t<\/div>\n\t\n<div class=\"row row-collapse align-bottom align-center\" style=\"max-width:1300px\" id=\"row-1466060448\">\n\n\t<div id=\"col-553500485\" class=\"col medium-10 small-12 large-10\"  >\n\t\t\t\t<div class=\"col-inner\"  >\n\t\t\t\n\t\t\t\n\t<div id=\"text-2957883069\" class=\"text\">\n\t\t\n<h2 style=\"line-height: .95;\"><span style=\"color: #333333;\">Derri\u00e8re les <span class=\"alt-font\">coulisses<\/span><\/span><\/h2>\n\t\t\n<style>\n#text-2957883069 {\n  font-size: 1.75rem;\n  line-height: 0.75;\n  text-align: center;\n  color: rgb(33, 33, 32);\n}\n#text-2957883069 > * {\n  color: rgb(33, 33, 32);\n}\n@media (min-width:550px) {\n  #text-2957883069 {\n    font-size: 2.15rem;\n    text-align: left;\n  }\n}\n<\/style>\n\t<\/div>\n\t\n\t\t<\/div>\n\t\t\t\t\n<style>\n#col-553500485 > .col-inner {\n  padding: 0px 0px 0px 15px;\n}\n<\/style>\n\t<\/div>\n\n\t\n\n\t<div id=\"col-1941133299\" class=\"col medium-2 small-12 large-2\"  >\n\t\t\t\t<div class=\"col-inner\"  >\n\t\t\t\n\t\t\t\n\t<div id=\"text-1960609843\" class=\"text\">\n\t\t\n<p><span style=\"font-size: 24px; font-weight: 600; font-family: avenir-next-lt-pro;\"><strong><a href=\"https:\/\/www.instagram.com\/luxymedia\/\" target=\"_blank\" rel=\"noopener\">@luxymedia<\/a><\/strong><\/span><br \/>\n\t\t\n<style>\n#text-1960609843 {\n  text-align: center;\n}\n<\/style>\n\t<\/div>\n\t\n\t\t<\/div>\n\t\t\t\t\t<\/div>\n\n\t\n<\/div>\n<div class=\"row\" style=\"max-width:1300px\" id=\"row-2130103535\">\n\n\t<div id=\"col-649411757\" class=\"col medium-3 small-6 large-3\"  >\n\t\t\t\t<div class=\"col-inner\"  >\n\t\t\t\n\t\t\t\n\t<div class=\"img has-hover x md-x lg-x y md-y lg-y\" id=\"image_876445552\">\n\t\t\t\t\t\t\t\t<div class=\"img-inner dark\" >\n\t\t\t<img loading=\"lazy\" decoding=\"async\" width=\"350\" height=\"450\" src=\"https:\/\/luxymedia.com\/wp-content\/uploads\/2024\/10\/cnt_00222.png\" class=\"attachment-original size-original\" alt=\"\" srcset=\"https:\/\/luxymedia.com\/wp-content\/uploads\/2024\/10\/cnt_00222.png 350w, https:\/\/luxymedia.com\/wp-content\/uploads\/2024\/10\/cnt_00222-233x300.png 233w\" sizes=\"auto, (max-width: 350px) 100vw, 350px\" \/>\t\t\t\t\t\t\n\t\t\t\t\t<\/div>\n\t\t\t\t\t\t\t\t\n<style>\n#image_876445552 {\n  width: 100%;\n}\n<\/style>\n\t<\/div>\n\t\n\t\t<\/div>\n\t\t\t\t\t<\/div>\n\n\t\n\n\t<div id=\"col-30764588\" class=\"col medium-3 small-6 large-3\"  >\n\t\t\t\t<div class=\"col-inner\"  >\n\t\t\t\n\t\t\t\n\t<div class=\"img has-hover x md-x lg-x y md-y lg-y\" id=\"image_271059369\">\n\t\t\t\t\t\t\t\t<div class=\"img-inner dark\" >\n\t\t\t<img loading=\"lazy\" decoding=\"async\" width=\"350\" height=\"450\" src=\"https:\/\/luxymedia.com\/wp-content\/uploads\/2024\/10\/cnt_005.png\" class=\"attachment-original size-original\" alt=\"\" srcset=\"https:\/\/luxymedia.com\/wp-content\/uploads\/2024\/10\/cnt_005.png 350w, https:\/\/luxymedia.com\/wp-content\/uploads\/2024\/10\/cnt_005-233x300.png 233w\" sizes=\"auto, (max-width: 350px) 100vw, 350px\" \/>\t\t\t\t\t\t\n\t\t\t\t\t<\/div>\n\t\t\t\t\t\t\t\t\n<style>\n#image_271059369 {\n  width: 100%;\n}\n<\/style>\n\t<\/div>\n\t\n\t\t<\/div>\n\t\t\t\t\t<\/div>\n\n\t\n\n\t<div id=\"col-1103031882\" class=\"col medium-3 small-6 large-3\"  >\n\t\t\t\t<div class=\"col-inner\"  >\n\t\t\t\n\t\t\t\n\t<div class=\"img has-hover x md-x lg-x y md-y lg-y\" id=\"image_2005533549\">\n\t\t\t\t\t\t\t\t<div class=\"img-inner dark\" >\n\t\t\t<img loading=\"lazy\" decoding=\"async\" width=\"350\" height=\"450\" src=\"https:\/\/luxymedia.com\/wp-content\/uploads\/2024\/10\/cnt_0034.png\" class=\"attachment-original size-original\" alt=\"\" srcset=\"https:\/\/luxymedia.com\/wp-content\/uploads\/2024\/10\/cnt_0034.png 350w, https:\/\/luxymedia.com\/wp-content\/uploads\/2024\/10\/cnt_0034-233x300.png 233w\" sizes=\"auto, (max-width: 350px) 100vw, 350px\" \/>\t\t\t\t\t\t\n\t\t\t\t\t<\/div>\n\t\t\t\t\t\t\t\t\n<style>\n#image_2005533549 {\n  width: 100%;\n}\n<\/style>\n\t<\/div>\n\t\n\t\t<\/div>\n\t\t\t\t\t<\/div>\n\n\t\n\n\t<div id=\"col-898274019\" class=\"col medium-3 small-6 large-3\"  >\n\t\t\t\t<div class=\"col-inner\"  >\n\t\t\t\n\t\t\t\n\t<div class=\"img has-hover x md-x lg-x y md-y lg-y\" id=\"image_377826851\">\n\t\t\t\t\t\t\t\t<div class=\"img-inner dark\" >\n\t\t\t<img loading=\"lazy\" decoding=\"async\" width=\"350\" height=\"450\" src=\"https:\/\/luxymedia.com\/wp-content\/uploads\/2024\/10\/cnt_0022.png\" class=\"attachment-original size-original\" alt=\"\" srcset=\"https:\/\/luxymedia.com\/wp-content\/uploads\/2024\/10\/cnt_0022.png 350w, https:\/\/luxymedia.com\/wp-content\/uploads\/2024\/10\/cnt_0022-233x300.png 233w\" sizes=\"auto, (max-width: 350px) 100vw, 350px\" \/>\t\t\t\t\t\t\n\t\t\t\t\t<\/div>\n\t\t\t\t\t\t\t\t\n<style>\n#image_377826851 {\n  width: 100%;\n}\n<\/style>\n\t<\/div>\n\t\n\t\t<\/div>\n\t\t\t\t\t<\/div>\n\n\t\n<\/div>\n\t<div id=\"gap-73321480\" class=\"gap-element clearfix\" style=\"display:block; height:auto;\">\n\t\t\n<style>\n#gap-73321480 {\n  padding-top: 31px;\n}\n@media (min-width:550px) {\n  #gap-73321480 {\n    padding-top: 60px;\n  }\n}\n<\/style>\n\t<\/div>\n\t\n\t\t<\/div>\n\n\t\t\n<style>\n#section_1002559723 {\n  padding-top: 0px;\n  padding-bottom: 0px;\n}\n<\/style>\n\t<\/section>\n\t\n","protected":false},"excerpt":{"rendered":"","protected":false},"author":3,"featured_media":0,"parent":0,"menu_order":0,"comment_status":"closed","ping_status":"closed","template":"page-blank.php","meta":{"_acf_changed":false,"footnotes":""},"class_list":["post-5637","page","type-page","status-publish","hentry"],"acf":[],"_links":{"self":[{"href":"https:\/\/luxymedia.com\/fr\/wp-json\/wp\/v2\/pages\/5637","targetHints":{"allow":["GET"]}}],"collection":[{"href":"https:\/\/luxymedia.com\/fr\/wp-json\/wp\/v2\/pages"}],"about":[{"href":"https:\/\/luxymedia.com\/fr\/wp-json\/wp\/v2\/types\/page"}],"author":[{"embeddable":true,"href":"https:\/\/luxymedia.com\/fr\/wp-json\/wp\/v2\/users\/3"}],"replies":[{"embeddable":true,"href":"https:\/\/luxymedia.com\/fr\/wp-json\/wp\/v2\/comments?post=5637"}],"version-history":[{"count":7,"href":"https:\/\/luxymedia.com\/fr\/wp-json\/wp\/v2\/pages\/5637\/revisions"}],"predecessor-version":[{"id":8050,"href":"https:\/\/luxymedia.com\/fr\/wp-json\/wp\/v2\/pages\/5637\/revisions\/8050"}],"wp:attachment":[{"href":"https:\/\/luxymedia.com\/fr\/wp-json\/wp\/v2\/media?parent=5637"}],"curies":[{"name":"wp","href":"https:\/\/api.w.org\/{rel}","templated":true}]}}